{"id":1305,"date":"2020-06-14T12:08:23","date_gmt":"2020-06-14T12:08:23","guid":{"rendered":"http:\/\/redhost:8888\/amaya\/?page_id=1305"},"modified":"2025-07-09T18:00:41","modified_gmt":"2025-07-09T15:00:41","slug":"about","status":"publish","type":"page","link":"https:\/\/bybarista.com.tr\/?page_id=1305","title":{"rendered":"About"},"content":{"rendered":"\n\t<section id=\"contentboxes-mb-block-2ccf9080-89a4-4259-9145-596f7c63ff2b\" class=\"section section-contentboxes  alignfull \">\n\n\t\t<div class=\"contentboxes-wrap none\">\n\t\t\t\t\t<div class=\"contentboxes-masonry \">\n\n\t\t\t\t<div class=\"grid-sizer-contentboxes\"><\/div>\n\n\t\t\t\t\n\t\t\t\t<div class=\"content-box- contentboxes-image-wrap bg-none half-width square content-dark no-vertical-text has-content cb-mobile-content-center \"  data-aos=\"fade-up\" data-aos-delay=\"100\"  >\n\n\t\t\t\t\t<div class=\"contentboxes-image-wrap-inner\">\n\n\t\t\t\t\t\n\t\t\t\t\t\t<div class=\"contentboxes-zoom-wrap \">\n\t\t\t\t\t\t\n\t\t\t\t\t\t\n\t\t\t\t\t\t\n\t\t\t\t\t\t\t<div class=\"contentboxes-content-wrap centered-content  contentboxes-content-middle\"  >\n\n\t\t\t\t\t\t\t\t\t\t\t\t\t\t\t\t<div class=\"contentboxes-content section-content\">\n\t\t\t\t\t\t\t\t\t\t\t\t\t\t\t\t\t\t\t\t\t\t\t\t\t\t\t\t<div class=\"contentboxes-content-item contentboxes-subtitle subtitle-above use-body-font\"  data-aos=\"fade-down\" data-aos-delay=\"100\"  >By Barista<\/div>\n\t\t\t\t\t\t\t\t\t\t\t\t\t\t\t\t\t\t\t\t\t\t\t\t\t                \t<h2 class=\"contentboxes-content-item contentboxes-title\"  data-aos=\"slide-up\"  ><em>Kalitenin, Tutkunun ve <\/em> Lezzetin Adresi<\/h2>\n\t\t\t\t\t\t\t                \t\t\t\t\t\t\t                \t\t\t\t\t\t\t                \t<div class=\"contentboxes-content-item contentboxes-divider\"  data-aos=\"fade-right\"  ><\/div>\n\t\t\t\t\t\t\t                \t\t\t\t\t\t\t                \t\t\t\t\t\t\t                \t<div class=\"contentboxes-content-item contentboxes-text\"  data-aos=\"fade-right\" data-aos-delay=\"340\"  >Kahve, yaln\u0131zca bir i\u00e7ecek de\u011fil; bir k\u00fclt\u00fcr, bir tutku ve bir ya\u015fam tarz\u0131d\u0131r. By Barista olarak, bu tutkuyu en \u00f6zel haliyle sizlere sunmak i\u00e7in \u00e7\u0131kt\u0131\u011f\u0131m\u0131z bu yolculukta, her fincan\u0131n arkas\u0131ndaki \u00f6yk\u00fcye de\u011fer kat\u0131yoruz.\r\n\r\n<\/div>\n\t\t\t\t\t\t\t                \t\t\t\t\t\t\t                \t\t\t\t\t\t        \t<\/div>\n\t\t\t\t\t\t        \t\n\t\t\t\t\t\t\t\t\t\t\t\t\t\n\t\t\t\t\t\t<\/div>\n\t\t\t\t\t<\/div>\n\t\t\t\t\t<\/div>\n\n\t\t\t\t\t\t   \t \n\t\t\t\t<\/div>\n\t\t\t\t\t\n\t\t\t\n\t\t\t\t<div class=\"content-box- contentboxes-image-wrap bg-video half-width square content-white no-vertical-text has-content  \"  data-aos=\"fade-up\" data-aos-delay=\"200\"  >\n\n\t\t\t\t\t<div class=\"contentboxes-image-wrap-inner\">\n\n\t\t\t\t\t\n\t\t\t\t\t\t<div class=\"contentboxes-zoom-wrap \">\n\t\t\t\t\t\t\n\t\t\t\t\t\t\t\t\t\t\t\t    \t\t<video autoplay muted loop class=\"contentboxbgvideo\" src=\"https:\/\/bybarista.com.tr\/wp-content\/uploads\/2021\/02\/amaya-video-1-xs.mp4\"><\/video>\n\t\t\t\t\t\t\t\t\n\t\t\t\t\t\t\t\t\t\t\t\t<div class=\"contentbox-overlay   gradient-contentboxes-content-middle\" >\n\t\t\t\t\t\t\n\t\t\t\t\t\t\t<div class=\"contentboxes-content-wrap centered-content contentboxes-content-center contentboxes-content-middle\"  >\n\n\t\t\t\t\t\t\t\t\t\t\t\t\t\t\t\t<div class=\"contentboxes-content section-content\">\n\t\t\t\t\t\t\t\t\t\t\t\t\t\t\t\t\t\t\t\t\t\t\t\t\t\t\t\t\t\t\t\t\t\t                \t<h4 class=\"contentboxes-content-item contentboxes-title\"  data-aos=\"slide-up\"  >Everything we do is a matter of <br>heart, body and soul. <\/h4>\n\t\t\t\t\t\t\t                \t\t\t\t\t\t\t                \t\t\t\t\t\t\t                \t\t\t\t\t\t\t                \t\t\t\t\t\t        \t<\/div>\n\t\t\t\t\t\t        \t\n\t\t\t\t\t\t\t\t\t\t\t\t\t\t<\/div>\n\t\t\t\t\t\t\t\t\t\t\t\t\t\n\t\t\t\t\t\t<\/div>\n\t\t\t\t\t<\/div>\n\t\t\t\t\t<\/div>\n\n\t\t\t\t\t\t   \t \n\t\t\t\t<\/div>\n\t\t\t\t\t\n\t\t\t\t\t\t<\/div>\n\t\t\t\t<\/div>\n\n\t<\/section> \n\n\n\n\n<div style=\"height:114px\" aria-hidden=\"true\" class=\"wp-block-spacer\"><\/div>\n\n\n\n\t\t\t<span id=\"subtitle-mb-block-e584087e-c089-4b5f-9016-a848f16f3fb1\" class=\"subtitle  subtitle-block subtitle-above subtitle-center use-body-font\">our philosophy<\/span>\n\t\n\n\n\n<h2 class=\"wp-block-heading has-text-align-center\">K\u00f6klerimiz ve <em>Misyonumuz <\/em><\/h2>\n\n\n\n\t<div id=\"divider-mb-block-3297a1ee-d36c-46da-adda-ad3051c08455\" class=\"divider-block divider-center divider-vertical\"><\/div>\n\n\n\n\n<p class=\"has-text-align-center\">By Barista, kahve tutkunlar\u0131n\u0131n bir araya gelmesiyle do\u011fdu. Amac\u0131m\u0131z, s\u0131radan bir kahve deneyiminin \u00f6tesine ge\u00e7erek, her yudumda fark yaratan lezzetler sunmakt\u0131r. Yaln\u0131zca T\u00fcrkiye&#8217;de de\u011fil, d\u00fcnya genelinde ad\u0131m\u0131zdan s\u00f6z ettiren bir marka olmak i\u00e7in \u00e7al\u0131\u015f\u0131yoruz. Bunu yaparken de kaliteden asla \u00f6d\u00fcn vermiyor, etik ve s\u00fcrd\u00fcr\u00fclebilir kaynaklardan tedarik etti\u011fimiz kahve \u00e7ekirdeklerini \u00f6zenle i\u015fliyoruz.<\/p>\n\n\n\n<p class=\"has-text-align-center\"><\/p>\n\n\n\n<div style=\"height:82px\" aria-hidden=\"true\" class=\"wp-block-spacer\"><\/div>\n\n\n\n\t<section id=\"section-gallery-mb-block-557be6ba-4f19-41bd-91e2-cbba386b729b\" class=\"section section-gallery  alignfull \">\n\n\t\t<div class=\"gallery-wrap none\">\n\t\t\t\t\t<div class=\"gallery-images-masonry \">\n\n\t\t\t\t<div class=\"grid-sizer-gallery\"><\/div>\n\t\t\t\t\n\t\t\t\t\t\t<div class=\"gallery-image-wrap half-width square\" data-aos=\"fade-up\" data-aos-delay=\"100\"  >\n\n\t\t\t\t\t\t\t<div class=\"gallery-image-wrap-inner\">\n\n\t\t\t\t\t\t\t\t\t\t\t\t\t\t\t\t\t<a href=\"https:\/\/bybarista.com.tr\/wp-content\/uploads\/2020\/12\/coffeebean-01-1600x1600.jpg\" class=\"links_to_image\">\n\t\t\t\t\t\t\t\t\t\t\t\t    \t\n\t\t\t\t\t\t\t\t\t<div class=\"gallery-image\" style=\"background-image: url(https:\/\/bybarista.com.tr\/wp-content\/uploads\/2020\/12\/coffeebean-01-1600x1600.jpg);\"><\/div>\n\n\t\t\t\t\t\t\t\t\t\t\t\t\t\t\t\t\t<\/a>\n\t\t\t\t\t\t\t\t\n\t\t\t\t\t\t\t<\/div>\n\t\t   \t \n\t\t\t\t\t\t<\/div>\n\t\t\t\t\t\t\n\t\t\t\t\n\t\t\t\n\t\t\t\t\t\t<div class=\"gallery-image-wrap quarter-width square\" data-aos=\"fade-up\" data-aos-delay=\"100\"  >\n\n\t\t\t\t\t\t\t<div class=\"gallery-image-wrap-inner\">\n\n\t\t\t\t\t\t\t\t\t\t\t\t\t\t\t\t\t<a href=\"https:\/\/bybarista.com.tr\/wp-content\/uploads\/2020\/12\/coffeebean-beans-7-1600x1539.jpg\" class=\"links_to_image\">\n\t\t\t\t\t\t\t\t\t\t\t\t    \t\n\t\t\t\t\t\t\t\t\t<div class=\"gallery-image\" style=\"background-image: url(https:\/\/bybarista.com.tr\/wp-content\/uploads\/2020\/12\/coffeebean-beans-7-1600x1539.jpg);\"><\/div>\n\n\t\t\t\t\t\t\t\t\t\t\t\t\t\t\t\t\t<\/a>\n\t\t\t\t\t\t\t\t\n\t\t\t\t\t\t\t<\/div>\n\t\t   \t \n\t\t\t\t\t\t<\/div>\n\t\t\t\t\t\t\n\t\t\t\t\n\t\t\t\n\t\t\t\t\t\t<div class=\"gallery-image-wrap quarter-width square\" data-aos=\"fade-up\" data-aos-delay=\"100\"  >\n\n\t\t\t\t\t\t\t<div class=\"gallery-image-wrap-inner\">\n\n\t\t\t\t\t\t\t\t\t\t\t\t\t\t\t\t\t<a href=\"https:\/\/bybarista.com.tr\/wp-content\/uploads\/2020\/12\/coffeebean-beans-square.jpg\" class=\"links_to_image\">\n\t\t\t\t\t\t\t\t\t\t\t\t    \t\n\t\t\t\t\t\t\t\t\t<div class=\"gallery-image\" style=\"background-image: url(https:\/\/bybarista.com.tr\/wp-content\/uploads\/2020\/12\/coffeebean-beans-square.jpg);\"><\/div>\n\n\t\t\t\t\t\t\t\t\t\t\t\t\t\t\t\t\t<\/a>\n\t\t\t\t\t\t\t\t\n\t\t\t\t\t\t\t<\/div>\n\t\t   \t \n\t\t\t\t\t\t<\/div>\n\t\t\t\t\t\t\n\t\t\t\t\n\t\t\t\n\t\t\t\t\t\t<div class=\"gallery-image-wrap half-width half-height\" data-aos=\"fade-up\" data-aos-delay=\"100\"  >\n\n\t\t\t\t\t\t\t<div class=\"gallery-image-wrap-inner\">\n\n\t\t\t\t\t\t\t\t\t\t\t\t\t\t\t\t\t<a href=\"https:\/\/bybarista.com.tr\/wp-content\/uploads\/2020\/12\/coffeebean-hero-coffeeshop.jpg\" class=\"links_to_image\">\n\t\t\t\t\t\t\t\t\t\t\t\t    \t\n\t\t\t\t\t\t\t\t\t<div class=\"gallery-image\" style=\"background-image: url(https:\/\/bybarista.com.tr\/wp-content\/uploads\/2020\/12\/coffeebean-hero-coffeeshop.jpg);\"><\/div>\n\n\t\t\t\t\t\t\t\t\t\t\t\t\t\t\t\t\t<\/a>\n\t\t\t\t\t\t\t\t\n\t\t\t\t\t\t\t<\/div>\n\t\t   \t \n\t\t\t\t\t\t<\/div>\n\t\t\t\t\t\t\n\t\t\t\t\n\t\t\t\t\t\t<\/div>\n\t\t\t\t<\/div>\n\t<\/section> \n\n\n\n<div style=\"height:113px\" aria-hidden=\"true\" class=\"wp-block-spacer\"><\/div>\n\n\n\n\t\t\t<span id=\"subtitle-mb-block-73a91da5-0c0a-4919-aef5-6a5e6b3a3e78\" class=\"subtitle  subtitle-block subtitle-above subtitle-center use-body-font\">our story<\/span>\n\t\n\n\n\n<h2 class=\"wp-block-heading has-text-align-center\"><em>Kavurma<\/em> <strong>ve Lezzet Felsefemiz<\/strong><\/h2>\n\n\n\n\t<div id=\"divider-mb-block-2400927a-9952-4ca0-a93d-a49ccf04e7d2\" class=\"divider-block divider-center divider-vertical\"><\/div>\n\n\n\n\n<p class=\"has-text-align-center\">Kahvenin ruhu, kavurma s\u00fcrecinde \u015fekillenir. By Barista\u2019da her \u00e7ekirdek, uzman kavurucular\u0131m\u0131z taraf\u0131ndan titizlikle kontrol edilen \u00f6zel makinelerde kavrulur. Kavurma profillerimiz, kahvenin k\u00f6kenine ve karakterine g\u00f6re \u00f6zel olarak belirlenir. B\u00f6ylece, her fincanda dengeli bir asidite, zengin bir aroma ve ak\u0131lda kal\u0131c\u0131 bir lezzet sunmay\u0131 garantileriz.<\/p>\n\n\n\n<p class=\"has-text-align-center\"><\/p>\n\n\n\n<div style=\"height:83px\" aria-hidden=\"true\" class=\"wp-block-spacer\"><\/div>\n\n\n\n\t<section id=\"contentboxes-mb-block-1ad3cf61-e357-478d-94d1-792cf5d801f8\" class=\"section section-contentboxes  alignfull \">\n\n\t\t<div class=\"contentboxes-wrap none\">\n\t\t\t\t\t<div class=\"contentboxes-masonry \">\n\n\t\t\t\t<div class=\"grid-sizer-contentboxes\"><\/div>\n\n\t\t\t\t\n\t\t\t\t<div class=\"content-box-3799 contentboxes-image-wrap bg-image half-width square content-dark no-vertical-text no-content  \"  data-aos=\"fade-up\" data-aos-delay=\"100\"  >\n\n\t\t\t\t\t<div class=\"contentboxes-image-wrap-inner\">\n\n\t\t\t\t\t\n\t\t\t\t\t\t<div class=\"contentboxes-zoom-wrap \">\n\t\t\t\t\t\t\n\t\t\t\t\t\t\t\t\t\t\t\t\t<div class=\"contentboxbgimage\" style=\"background-image: url(https:\/\/bybarista.com.tr\/wp-content\/uploads\/2020\/12\/coffeebean-beans-2.jpg);\"><\/div> \n\t\t\t\t\t\t\t\t\t\t\t\t<div class=\"contentbox-overlay   gradient-contentboxes-content-middle\" >\n\t\t\t\t\t\t\n\t\t\t\t\t\t\t<div class=\"contentboxes-content-wrap centered-content  contentboxes-content-middle\"  >\n\n\t\t\t\t\t\t\t\t\n\t\t\t\t\t\t\t\t\t\t\t\t\t\t<\/div>\n\t\t\t\t\t\t\t\t\t\t\t\t\t\n\t\t\t\t\t\t<\/div>\n\t\t\t\t\t<\/div>\n\t\t\t\t\t<\/div>\n\n\t\t\t\t\t\t   \t \n\t\t\t\t<\/div>\n\t\t\t\t\t\n\t\t\t\n\t\t\t\t<div class=\"content-box- contentboxes-image-wrap  half-width square  no-vertical-text has-content cb-mobile-content-center \"  data-aos=\"fade-up\" data-aos-delay=\"200\"  >\n\n\t\t\t\t\t<div class=\"contentboxes-image-wrap-inner\">\n\n\t\t\t\t\t\n\t\t\t\t\t\t<div class=\"contentboxes-zoom-wrap \">\n\t\t\t\t\t\t\n\t\t\t\t\t\t\n\t\t\t\t\t\t\n\t\t\t\t\t\t\t<div class=\"contentboxes-content-wrap centered-content  \"  >\n\n\t\t\t\t\t\t\t\t\t\t\t\t\t\t\t\t<div class=\"contentboxes-content section-content\">\n\t\t\t\t\t\t\t\t\t\t\t\t\t\t\t\t\t\t\t\t\t\t\t\t\t\t\t\t<div class=\"contentboxes-content-item contentboxes-subtitle subtitle-above use-body-font\"  data-aos=\"fade-down\" data-aos-delay=\"100\"  >our mission<\/div>\n\t\t\t\t\t\t\t\t\t\t\t\t\t\t\t\t\t\t\t\t\t\t\t\t\t                \t<h2 class=\"contentboxes-content-item contentboxes-title\"  data-aos=\"slide-up\"  >Barista E\u011fitimleri ve \r\n<em>alite Anlay\u0131\u015f\u0131m\u0131z<\/em> <\/h2>\n\t\t\t\t\t\t\t                \t\t\t\t\t\t\t                \t\t\t\t\t\t\t                \t<div class=\"contentboxes-content-item contentboxes-divider\"  data-aos=\"fade-right\"  ><\/div>\n\t\t\t\t\t\t\t                \t\t\t\t\t\t\t                \t\t\t\t\t\t\t                \t<div class=\"contentboxes-content-item contentboxes-text\"  data-aos=\"fade-right\" data-aos-delay=\"340\"  >Bir kahve, ancak onu haz\u0131rlayan\u0131n elinde hayat bulur. By Barista ekibi olarak, baristalar\u0131m\u0131z\u0131n s\u00fcrekli geli\u015fimini \u00f6nemsiyoruz. D\u00fczenledi\u011fimiz e\u011fitimler ve workshop\u2019larla, kahve sanat\u0131n\u0131n inceliklerini payla\u015f\u0131yoruz. Franchise ortaklar\u0131m\u0131za da bu bilgi birikimini aktararak, t\u00fcm \u015fubelerimizde ayn\u0131 y\u00fcksek standartlar\u0131 korumay\u0131 hedefliyoruz.<\/div>\n\t\t\t\t\t\t\t                \t\t\t\t\t\t\t                \t\t\t\t\t\t        \t<\/div>\n\t\t\t\t\t\t        \t\n\t\t\t\t\t\t\t\t\t\t\t\t\t\n\t\t\t\t\t\t<\/div>\n\t\t\t\t\t<\/div>\n\t\t\t\t\t<\/div>\n\n\t\t\t\t\t\t   \t \n\t\t\t\t<\/div>\n\t\t\t\t\t\n\t\t\t\t\t\t<\/div>\n\t\t\t\t<\/div>\n\n\t<\/section> \n\n\n\n\n<h2 class=\"wp-block-heading has-text-align-center\"><em>Kavurma<\/em> <strong>ve Lezzet Felsefemiz<\/strong><\/h2>\n\n\n\n<p class=\"has-text-align-center\"><strong>Franchise Modeli ve B\u00fcy\u00fcme Vizyonumuz<\/strong><\/p>\n\n\n\n<p>By Barista olarak, kaliteli kahveyi daha fazla insana ula\u015ft\u0131rmak i\u00e7in franchise modelini benimsedik. Franchise verirken yaln\u0131zca i\u015fletme a\u00e7man\u0131z\u0131 de\u011fil, ayn\u0131 zamanda By Barista ailesinin bir par\u00e7as\u0131 olman\u0131z\u0131 istiyoruz. Size sundu\u011fumuz kapsaml\u0131 e\u011fitimler, pazarlama deste\u011fi ve s\u00fcrekli denetimlerle, i\u015finizi g\u00fcvenle b\u00fcy\u00fctmenizi sa\u011fl\u0131yoruz.<\/p>\n\n\n\n<h3 class=\"wp-block-heading\"><strong>S\u00fcrd\u00fcr\u00fclebilirlik ve Sosyal Sorumluluk<\/strong><\/h3>\n\n\n\n<p>Kahve, do\u011fan\u0131n bize bir arma\u011fan\u0131d\u0131r. Biz de bu arma\u011fana sayg\u0131 duyarak, \u00e7evre dostu uygulamalarla ilerliyoruz. At\u0131k kahve posalar\u0131n\u0131n geri d\u00f6n\u00fc\u015f\u00fcm\u00fcnden, enerji verimlili\u011fine kadar pek \u00e7ok alanda s\u00fcrd\u00fcr\u00fclebilir ad\u0131mlar at\u0131yoruz. Ayr\u0131ca, kahve \u00fcreticilerine adil ticaret politikalar\u0131yla destek oluyoruz.<\/p>\n\n\n\n<h3 class=\"wp-block-heading\"><strong>Neden By Barista?<\/strong><\/h3>\n\n\n\n<ul class=\"wp-block-list\">\n<li><strong>\u00d6zenle se\u00e7ilmi\u015f ve kavrulmu\u015f kahve \u00e7ekirdekleri<\/strong><\/li>\n\n\n\n<li><strong>Uzman baristalar e\u015fli\u011finde sunulan birinci s\u0131n\u0131f servis<\/strong><\/li>\n\n\n\n<li><strong>Franchise verirken s\u00fcrekli destek ve e\u011fitim garantisi<\/strong><\/li>\n\n\n\n<li><strong>S\u00fcrd\u00fcr\u00fclebilir ve etik tedarik zinciri<\/strong><\/li>\n\n\n\n<li><strong>Kahve k\u00fclt\u00fcr\u00fcn\u00fc yaymak i\u00e7in d\u00fczenlenen etkinlikler ve workshop\u2019lar<\/strong><\/li>\n<\/ul>\n\n\n\n<p>By Barista, yaln\u0131zca bir kahve markas\u0131 de\u011fil; bir tutkunun, bir payla\u015f\u0131m\u0131n ve kaliteli bir ya\u015fam\u0131n simgesidir. Siz de bu yolculu\u011fa ortak olun, fincan\u0131n\u0131zda bizimle birlikte d\u00fcnyay\u0131 ke\u015ffedin.<\/p>\n\n\n\n<p class=\"has-text-align-center\"><strong>By Barista \u2013 Lezzetin, Tutkunun ve Kalitenin Adresi<\/strong><\/p>\n\n\n\n<p><\/p>\n","protected":false},"excerpt":{"rendered":"K\u00f6klerimiz ve Misyonumuz By Barista, kahve tutkunlar\u0131n\u0131n bir araya gelmesiyle do\u011fdu. Amac\u0131m\u0131z, s\u0131radan bir kahve deneyiminin \u00f6tesine ge\u00e7erek, her yudumda fark yaratan lezzetler ...","protected":false},"author":1,"featured_media":0,"parent":0,"menu_order":15,"comment_status":"closed","ping_status":"closed","template":"","meta":{"footnotes":""},"class_list":["post-1305","page","type-page","status-publish","hentry"],"_links":{"self":[{"href":"https:\/\/bybarista.com.tr\/index.php?rest_route=\/wp\/v2\/pages\/1305","targetHints":{"allow":["GET"]}}],"collection":[{"href":"https:\/\/bybarista.com.tr\/index.php?rest_route=\/wp\/v2\/pages"}],"about":[{"href":"https:\/\/bybarista.com.tr\/index.php?rest_route=\/wp\/v2\/types\/page"}],"author":[{"embeddable":true,"href":"https:\/\/bybarista.com.tr\/index.php?rest_route=\/wp\/v2\/users\/1"}],"replies":[{"embeddable":true,"href":"https:\/\/bybarista.com.tr\/index.php?rest_route=%2Fwp%2Fv2%2Fcomments&post=1305"}],"version-history":[{"count":3,"href":"https:\/\/bybarista.com.tr\/index.php?rest_route=\/wp\/v2\/pages\/1305\/revisions"}],"predecessor-version":[{"id":4385,"href":"https:\/\/bybarista.com.tr\/index.php?rest_route=\/wp\/v2\/pages\/1305\/revisions\/4385"}],"wp:attachment":[{"href":"https:\/\/bybarista.com.tr\/index.php?rest_route=%2Fwp%2Fv2%2Fmedia&parent=1305"}],"curies":[{"name":"wp","href":"https:\/\/api.w.org\/{rel}","templated":true}]}}