{"id":2107,"date":"2020-07-02T16:51:08","date_gmt":"2020-07-02T16:51:08","guid":{"rendered":"http:\/\/redhost:8888\/amaya\/?page_id=2107"},"modified":"2025-07-09T17:58:56","modified_gmt":"2025-07-09T14:58:56","slug":"home-3","status":"publish","type":"page","link":"https:\/\/bybarista.com.tr\/","title":{"rendered":"Home 3"},"content":{"rendered":"\n\t<section id=\"hero-mb-block-20582686-8afb-41e9-9ec0-5e809258c85d\" class=\"section section-hero  alignfull section-hero section-hero-image content-white has-overlay\">\n\n\t\t \n\t\t\t<img decoding=\"async\" class=\"hero-image hero-background hero-content-left hmobile-content-leave \" src=\"https:\/\/bybarista.com.tr\/wp-content\/uploads\/2020\/12\/coffeebean-hero-coffeeshop.jpg\" alt=\"\" \/>\n\t\t\n\t\t<div class=\"hero-content-wrap centered-content image-uploaded hero-content-left hmobile-content-leave  half-width-overlay\"  style=\"background-color:rgba(0,0,0,0.7)\" >\n\t\t\t<div class=\"hero-content section-content\">\n\t\t\t\t\t\t\t\t\t<span class=\"hero-vertical vertical-text use-body-font\">bizim felsefemiz<\/span>\n\t\t\t\t\t\t\t\t\t\t\t\t\t<div class=\"hero-content-item hero-subtitle subtitle-above use-body-font\"  data-aos=\"fade-down\" data-aos-delay=\"100\"  >By Barista<\/div>\n\t\t\t\t\t\t\t\t\t\t                \t<h2 class=\"hero-content-item hero-title \"  data-aos=\"slide-up\"  >Bir Fincan Kahve, Binlerce \r\nMutlu <em>m\u00fc\u015fteri<\/em> <\/h2>\n\t\t                \n\t\t                \t\t                \t<div class=\"hero-content-item hero-divider\"  data-aos=\"fade-right\"  ><\/div>\n\t\t                \t\t                \t\t                \t<div class=\"hero-content-item hero-text\"  data-aos=\"fade-right\" data-aos-delay=\"340\"  >&#8220;By Barista ile kendi kahve i\u015finizin sahibi olun! Usta baristalar\u0131n s\u0131rr\u0131n\u0131 franchise modelimizle bulu\u015fturuyor, sizi d\u00fcnya standartlar\u0131nda bir kahve deneyiminin par\u00e7as\u0131 yap\u0131yoruz<\/div>\n\t\t                \t\t                \t\t\t<\/div>\n\t\t<\/div>\n\n\t\t\n\t<\/section> \n\n\n\n\n<div style=\"height:114px\" aria-hidden=\"true\" class=\"wp-block-spacer\"><\/div>\n\n\n\n\t\t\t<span id=\"subtitle-mb-block-442474b9-4b1b-4d55-977f-7fa8d4d8d6fb\" class=\"subtitle  subtitle-block subtitle-above subtitle-center use-body-font\">because we love coffee<\/span>\n\t\n\n\n\n<h2 class=\"wp-block-heading has-text-align-center\">Misyonumuz<\/h2>\n\n\n\n\t<div id=\"divider-mb-block-4dbbfd15-1b39-4961-b00b-ee4278a46b3f\" class=\"divider-block divider-center divider-vertical\"><\/div>\n\n\n\n\n<p class=\"has-text-align-center narrow\"><strong>&#8220;Kahve tutkunuzu k\u00e2ra d\u00f6n\u00fc\u015ft\u00fcr\u00fcn!<\/strong>&nbsp;By Barista franchise sistemiyle d\u00fc\u015f\u00fck yat\u0131r\u0131mla y\u00fcksek getirili bir i\u015fin sahibi olun. Marka de\u011ferimiz, \u00fcr\u00fcn kalitemiz ve pazarlama g\u00fcc\u00fcm\u00fczle sizi her zaman bir ad\u0131m \u00f6ne ta\u015f\u0131yoruz.&#8221;<\/p>\n\n\n\n<div class=\"wp-block-buttons is-horizontal is-content-justification-center is-layout-flex wp-container-core-buttons-is-layout-499968f5 wp-block-buttons-is-layout-flex\">\n<div class=\"wp-block-button is-style-fill\"><a class=\"wp-block-button__link wp-element-button\" href=\"https:\/\/bybarista.com.tr\/about\/\" rel=\"\">Hakk\u0131m\u0131zda<\/a><\/div>\n<\/div>\n\n\n\n<div style=\"height:84px\" aria-hidden=\"true\" class=\"wp-block-spacer\"><\/div>\n\n\n\n\t<section id=\"hero-mb-block-9543b41e-c2de-4fb1-948b-d144454dad92\" class=\"section section-hero  alignfull section-hero section-hero-image content-white has-overlay\">\n\n\t\t\t\t\t<div class=\"hero-bgvideo-wrap\"  style=\"max-height:800px\"  >\n\t\t\t\t<video autoplay muted loop playsinline class=\"hero-bgvideo hero-background\" src=\"https:\/\/bybarista.com.tr\/wp-content\/uploads\/2021\/02\/amaya-video-1-xs.mp4\"><\/video>\n\t\t\n\t\t<div class=\"hero-content-wrap centered-content no-image-uploaded hero-content-left hmobile-content-center  half-width-overlay\"  style=\"background-color:rgba(0,0,0,0.51)\" >\n\t\t\t<div class=\"hero-content section-content\">\n\t\t\t\t\t\t\t\t\t<span class=\"hero-vertical vertical-text use-body-font\">partnerimiz olun<\/span>\n\t\t\t\t\t\t\t\t\t\t\t\t\t<div class=\"hero-content-item hero-subtitle subtitle-above use-body-font\"  data-aos=\"fade-down\" data-aos-delay=\"100\"  >&#8220;Kahve tutkunu giri\u015fimciler aran\u0131yor \u2013 By Barista ile kendi i\u015finin patronu ol!<\/div>\n\t\t\t\t\t\t\t\t\t\t                \t<h2 class=\"hero-content-item hero-title \"  data-aos=\"slide-up\"  >Lezzeti <em>Ke\u015ffedin<\/em><\/h2>\n\t\t                \n\t\t                \t\t                \t<div class=\"hero-content-item hero-divider\"  data-aos=\"fade-right\"  ><\/div>\n\t\t                \t\t                \t\t                \t<div class=\"hero-content-item hero-text\"  data-aos=\"fade-right\" data-aos-delay=\"340\"  >&#8220;Kaliteli kahve tutkusunu franchise modeliyle b\u00fcy\u00fct\u00fcyoruz! By Barista olarak giri\u015fimcilere kapsaml\u0131 e\u011fitimler, modern ekipmanlar ve s\u00fcrekli destek sunuyoruz. Siz sadece misafirlerinizi a\u011f\u0131rlay\u0131n, biz gerisini halledelim!&#8221;<\/div>\n\t\t                \t\t                \t\t                \t<div class=\"hero-content-item hero-button-wrap\">\n\t\t\t\t\t<a href=\"https:\/\/bybarista.com.tr\/wholesale\/\" class=\"hero-button button button-outline content-white\" data-aos=\"fade-up\" data-aos-delay=\"380\">Frienchise Ol <\/a>\n\t\t\t\t\t<\/div>\n\t\t                \t\t\t<\/div>\n\t\t<\/div>\n\n\t\t\t\t\t<\/div>\n\t\t\n\t<\/section> \n\n\n\n\n\t<section id=\"contentboxes-mb-block-2be6c35d-0a8d-42fa-b7d0-005d4d6ddce6\" class=\"section section-contentboxes  alignfull \">\n\n\t\t<div class=\"contentboxes-wrap none\">\n\t\t\t\t\t<div class=\"contentboxes-masonry \">\n\n\t\t\t\t<div class=\"grid-sizer-contentboxes\"><\/div>\n\n\t\t\t\t\n\t\t\t\t<div class=\"content-box-3813 contentboxes-image-wrap bg-image half-width square content-dark no-vertical-text no-content  \"  data-aos=\"fade-up\" data-aos-delay=\"100\"  >\n\n\t\t\t\t\t<div class=\"contentboxes-image-wrap-inner\">\n\n\t\t\t\t\t\n\t\t\t\t\t\t<div class=\"contentboxes-zoom-wrap \">\n\t\t\t\t\t\t\n\t\t\t\t\t\t\t\t\t\t\t\t\t<div class=\"contentboxbgimage\" style=\"background-image: url(https:\/\/bybarista.com.tr\/wp-content\/uploads\/2020\/12\/coffeebean-coffee-cup.jpg);\"><\/div> \n\t\t\t\t\t\t\t\t\t\t\t\t<div class=\"contentbox-overlay   gradient-contentboxes-content-middle\" >\n\t\t\t\t\t\t\n\t\t\t\t\t\t\t<div class=\"contentboxes-content-wrap centered-content contentboxes-content-right contentboxes-content-middle\"  >\n\n\t\t\t\t\t\t\t\t\n\t\t\t\t\t\t\t\t\t\t\t\t\t\t<\/div>\n\t\t\t\t\t\t\t\t\t\t\t\t\t\n\t\t\t\t\t\t<\/div>\n\t\t\t\t\t<\/div>\n\t\t\t\t\t<\/div>\n\n\t\t\t\t\t\t   \t \n\t\t\t\t<\/div>\n\t\t\t\t\t\n\t\t\t\n\t\t\t\t<div class=\"content-box- contentboxes-image-wrap  half-width square  no-vertical-text has-content  \"  data-aos=\"fade-up\" data-aos-delay=\"200\"  >\n\n\t\t\t\t\t<div class=\"contentboxes-image-wrap-inner\">\n\n\t\t\t\t\t\n\t\t\t\t\t\t<div class=\"contentboxes-zoom-wrap \">\n\t\t\t\t\t\t\n\t\t\t\t\t\t\n\t\t\t\t\t\t\n\t\t\t\t\t\t\t<div class=\"contentboxes-content-wrap centered-content contentboxes-content-center \"  >\n\n\t\t\t\t\t\t\t\t\t\t\t\t\t\t\t\t<div class=\"contentboxes-content section-content\">\n\t\t\t\t\t\t\t\t\t\t\t\t\t\t\t\t\t\t\t\t\t\t\t\t\t\t\t\t\t\t\t\t\t\t                \t<h2 class=\"contentboxes-content-item contentboxes-title\"  data-aos=\"slide-up\"  >Kaliteli Kahve bu <em>kap\u0131n\u0131n<\/em> arkas\u0131nda<\/h2>\n\t\t\t\t\t\t\t                \t\t\t\t\t\t\t                \t\t\t\t\t\t\t                \t<div class=\"contentboxes-content-item contentboxes-divider\"  data-aos=\"fade-right\"  ><\/div>\n\t\t\t\t\t\t\t                \t\t\t\t\t\t\t                \t\t\t\t\t\t\t                \t<div class=\"contentboxes-content-item contentboxes-text\"  data-aos=\"fade-right\" data-aos-delay=\"340\"  >&#8220;D\u00fcnya standartlar\u0131nda bir kahve deneyimini franchise modeliyle bulu\u015fturuyoruz \u2013 By Barista seni bekliyor!<\/div>\n\t\t\t\t\t\t\t                \t\t\t\t\t\t\t                \t\t\t\t\t\t        \t<\/div>\n\t\t\t\t\t\t        \t\n\t\t\t\t\t\t\t\t\t\t\t\t\t\n\t\t\t\t\t\t<\/div>\n\t\t\t\t\t<\/div>\n\t\t\t\t\t<\/div>\n\n\t\t\t\t\t\t   \t \n\t\t\t\t<\/div>\n\t\t\t\t\t\n\t\t\t\t\t\t<\/div>\n\t\t\t\t<\/div>\n\n\t<\/section> \n\n\n\n\n\t<section id=\"hero-mb-block-15b8fa73-d903-4d85-bd3b-59c81329e3c5\" class=\"section section-hero  alignfull section-hero section-hero-image content-white has-overlay\">\n\n\t\t \n\t\t\t<img decoding=\"async\" class=\"hero-image hero-background left hmobile-content-center \" src=\"https:\/\/bybarista.com.tr\/wp-content\/uploads\/2020\/12\/coffeebean-hero-beans.jpg\" alt=\"\" \/>\n\t\t\n\t\t<div class=\"hero-content-wrap centered-content image-uploaded left hmobile-content-center  half-width-overlay\"  style=\"background-color:rgba(0,0,0,0.2)\" >\n\t\t\t<div class=\"hero-content section-content\">\n\t\t\t\t\t\t\t\t\t<span class=\"hero-vertical vertical-text use-body-font\">FAVOR\u0130 KAHVEN\u0130Z HANG\u0130S\u0130 ?<\/span>\n\t\t\t\t\t\t\t\t\t\t\t\t\t\t                \t<h2 class=\"hero-content-item hero-title \"  data-aos=\"slide-up\"  >Kaliteli <em>Kahve \u00c7ekirdekleri<\/em><\/h2>\n\t\t                \n\t\t                \t\t                \t\t                \t<div class=\"hero-content-item hero-text\"  data-aos=\"fade-right\" data-aos-delay=\"340\"  >By Barista olarak kahve \u00e7ekirdeklerini \u00f6zenle kavuruyor, e\u015fsiz aromalar\u0131 ortaya \u00e7\u0131kar\u0131yoruz. Her bir tane, uzman kavurucular\u0131m\u0131z\u0131n titiz kontrol\u00fcnde ideal dereceye ula\u015f\u0131yor. \u00d6zel harmanlar\u0131m\u0131zla, fincan\u0131n\u0131za dolan her yudumda tutkumuzu hissettiriyoruz.<\/div>\n\t\t                \t\t                \t\t                \t<div class=\"hero-content-item hero-button-wrap\">\n\t\t\t\t\t<a href=\"https:\/\/bybarista.com.tr\/shop-2\/\" class=\"hero-button button button-outline content-white\" data-aos=\"fade-up\" data-aos-delay=\"380\">Kahve Sat\u0131nal <\/a>\n\t\t\t\t\t<\/div>\n\t\t                \t\t\t<\/div>\n\t\t<\/div>\n\n\t\t\n\t<\/section> \n\n","protected":false},"excerpt":{"rendered":"Misyonumuz \"Kahve tutkunuzu k\u00e2ra d\u00f6n\u00fc\u015ft\u00fcr\u00fcn!&nbsp;By Barista franchise sistemiyle d\u00fc\u015f\u00fck yat\u0131r\u0131mla y\u00fcksek getirili bir i\u015fin sahibi olun. Marka de\u011ferimiz, \u00fcr\u00fcn kalitemiz ve pazarlama g\u00fcc\u00fcm\u00fczle ...","protected":false},"author":1,"featured_media":0,"parent":0,"menu_order":8,"comment_status":"closed","ping_status":"closed","template":"","meta":{"footnotes":""},"class_list":["post-2107","page","type-page","status-publish","hentry"],"_links":{"self":[{"href":"https:\/\/bybarista.com.tr\/index.php?rest_route=\/wp\/v2\/pages\/2107","targetHints":{"allow":["GET"]}}],"collection":[{"href":"https:\/\/bybarista.com.tr\/index.php?rest_route=\/wp\/v2\/pages"}],"about":[{"href":"https:\/\/bybarista.com.tr\/index.php?rest_route=\/wp\/v2\/types\/page"}],"author":[{"embeddable":true,"href":"https:\/\/bybarista.com.tr\/index.php?rest_route=\/wp\/v2\/users\/1"}],"replies":[{"embeddable":true,"href":"https:\/\/bybarista.com.tr\/index.php?rest_route=%2Fwp%2Fv2%2Fcomments&post=2107"}],"version-history":[{"count":6,"href":"https:\/\/bybarista.com.tr\/index.php?rest_route=\/wp\/v2\/pages\/2107\/revisions"}],"predecessor-version":[{"id":4383,"href":"https:\/\/bybarista.com.tr\/index.php?rest_route=\/wp\/v2\/pages\/2107\/revisions\/4383"}],"wp:attachment":[{"href":"https:\/\/bybarista.com.tr\/index.php?rest_route=%2Fwp%2Fv2%2Fmedia&parent=2107"}],"curies":[{"name":"wp","href":"https:\/\/api.w.org\/{rel}","templated":true}]}}