{"id":9,"date":"2025-07-08T11:24:31","date_gmt":"2025-07-08T08:24:31","guid":{"rendered":"https:\/\/bybarista.com.tr\/cart\/"},"modified":"2025-07-09T14:59:05","modified_gmt":"2025-07-09T11:59:05","slug":"cart","status":"publish","type":"page","link":"https:\/\/bybarista.com.tr\/?page_id=9","title":{"rendered":"Cart"},"content":{"rendered":"\n<div data-block-name=\"woocommerce\/cart\" class=\"wp-block-woocommerce-cart alignwide is-loading\">\n<div data-block-name=\"woocommerce\/filled-cart-block\" class=\"wp-block-woocommerce-filled-cart-block\">\n<div data-block-name=\"woocommerce\/cart-items-block\" class=\"wp-block-woocommerce-cart-items-block\">\n<div data-block-name=\"woocommerce\/cart-line-items-block\" class=\"wp-block-woocommerce-cart-line-items-block\"><\/div>\n\n\n\n<div data-block-name=\"woocommerce\/cart-cross-sells-block\" class=\"wp-block-woocommerce-cart-cross-sells-block\">\n<h2 class=\"wp-block-heading has-large-font-size\">You may be interested in\u2026<\/h2>\n\n\n\n<div data-block-name=\"woocommerce\/cart-cross-sells-products-block\" class=\"wp-block-woocommerce-cart-cross-sells-products-block\"><\/div>\n<\/div>\n<\/div>\n\n\n\n<div data-block-name=\"woocommerce\/cart-totals-block\" class=\"wp-block-woocommerce-cart-totals-block\">\n<div data-block-name=\"woocommerce\/cart-order-summary-block\" class=\"wp-block-woocommerce-cart-order-summary-block\">\n<div data-block-name=\"woocommerce\/cart-order-summary-heading-block\" class=\"wp-block-woocommerce-cart-order-summary-heading-block\"><\/div><div data-block-name=\"woocommerce\/cart-order-summary-coupon-form-block\" class=\"wp-block-woocommerce-cart-order-summary-coupon-form-block\"><\/div><div data-block-name=\"woocommerce\/cart-order-summary-totals-block\" class=\"wp-block-woocommerce-cart-order-summary-totals-block\">\n<div data-block-name=\"woocommerce\/cart-order-summary-subtotal-block\" class=\"wp-block-woocommerce-cart-order-summary-subtotal-block\"><\/div>\n<div data-block-name=\"woocommerce\/cart-order-summary-discount-block\" class=\"wp-block-woocommerce-cart-order-summary-discount-block\"><\/div>\n<div data-block-name=\"woocommerce\/cart-order-summary-fee-block\" class=\"wp-block-woocommerce-cart-order-summary-fee-block\"><\/div>\n<div data-block-name=\"woocommerce\/cart-order-summary-shipping-block\" class=\"wp-block-woocommerce-cart-order-summary-shipping-block\"><\/div>\n<div data-block-name=\"woocommerce\/cart-order-summary-taxes-block\" class=\"wp-block-woocommerce-cart-order-summary-taxes-block\"><\/div><\/div>\n<\/div>\n\n\n\n<div data-block-name=\"woocommerce\/cart-express-payment-block\" class=\"wp-block-woocommerce-cart-express-payment-block\"><\/div>\n\n\n\n<div data-block-name=\"woocommerce\/proceed-to-checkout-block\" class=\"wp-block-woocommerce-proceed-to-checkout-block\"><\/div>\n\n\n\n<div data-block-name=\"woocommerce\/cart-accepted-payment-methods-block\" class=\"wp-block-woocommerce-cart-accepted-payment-methods-block\"><\/div>\n<\/div>\n<\/div>\n\n\n\n<div data-block-name=\"woocommerce\/empty-cart-block\" class=\"wp-block-woocommerce-empty-cart-block\">\n<h2 class=\"wp-block-heading has-text-align-center with-empty-cart-icon wc-block-cart__empty-cart__title\">Your cart is currently empty!<\/h2>\n\n\n\n<hr class=\"wp-block-separator has-alpha-channel-opacity is-style-dots\"\/>\n\n\n\n<h2 class=\"wp-block-heading has-text-align-center\">New in store<\/h2>\n\n\n<div data-block-name=\"woocommerce\/product-new\" data-columns=\"4\" data-rows=\"1\" class=\"wc-block-grid wp-block-product-new wp-block-woocommerce-product-new wc-block-product-new has-4-columns\"><ul class=\"wc-block-grid__products\"><li class=\"wc-block-grid__product\">\n\t\t\t\t<a href=\"https:\/\/bybarista.com.tr\/?product=colombia-dark-roast\" class=\"wc-block-grid__product-link\">\n\t\t\t\t\t\n\t\t\t\t\t<div class=\"wc-block-grid__product-image\"><img loading=\"lazy\" decoding=\"async\" width=\"600\" height=\"750\" src=\"https:\/\/bybarista.com.tr\/wp-content\/uploads\/2020\/08\/Black-and-White-Minimalist-Packaging-Coffee-Mockup-Instagram-Post-2-Kopyala-600x750.webp\" class=\"attachment-woocommerce_thumbnail size-woocommerce_thumbnail\" alt=\"Colombia Dark Roast\" srcset=\"https:\/\/bybarista.com.tr\/wp-content\/uploads\/2020\/08\/Black-and-White-Minimalist-Packaging-Coffee-Mockup-Instagram-Post-2-Kopyala-600x750.webp 600w, https:\/\/bybarista.com.tr\/wp-content\/uploads\/2020\/08\/Black-and-White-Minimalist-Packaging-Coffee-Mockup-Instagram-Post-2-Kopyala-240x300.webp 240w, https:\/\/bybarista.com.tr\/wp-content\/uploads\/2020\/08\/Black-and-White-Minimalist-Packaging-Coffee-Mockup-Instagram-Post-2-Kopyala-819x1024.webp 819w, https:\/\/bybarista.com.tr\/wp-content\/uploads\/2020\/08\/Black-and-White-Minimalist-Packaging-Coffee-Mockup-Instagram-Post-2-Kopyala-768x960.webp 768w, https:\/\/bybarista.com.tr\/wp-content\/uploads\/2020\/08\/Black-and-White-Minimalist-Packaging-Coffee-Mockup-Instagram-Post-2-Kopyala-800x1000.webp 800w, https:\/\/bybarista.com.tr\/wp-content\/uploads\/2020\/08\/Black-and-White-Minimalist-Packaging-Coffee-Mockup-Instagram-Post-2-Kopyala-560x700.webp 560w, https:\/\/bybarista.com.tr\/wp-content\/uploads\/2020\/08\/Black-and-White-Minimalist-Packaging-Coffee-Mockup-Instagram-Post-2-Kopyala.webp 960w\" sizes=\"auto, (max-width: 600px) 100vw, 600px\" \/><\/div>\n\t\t\t\t\t<div class=\"wc-block-grid__product-title\">Colombia Dark Roast<\/div>\n\t\t\t\t<\/a>\n\t\t\t\t<div class=\"wc-block-grid__product-price price\"><span class=\"woocommerce-Price-amount amount\" aria-hidden=\"true\"><span class=\"woocommerce-Price-currencySymbol\">&#8378;<\/span>19,00<\/span> <span aria-hidden=\"true\"> \u2013 <\/span> <span class=\"woocommerce-Price-amount amount\" aria-hidden=\"true\"><span class=\"woocommerce-Price-currencySymbol\">&#8378;<\/span>27,00<\/span><span class=\"screen-reader-text\">Fiyat aral\u0131\u011f\u0131: &#8378;19,00 &#8211; &#8378;27,00<\/span><\/div>\n\t\t\t\t\n\t\t\t\t<div class=\"wp-block-button wc-block-grid__product-add-to-cart\"><a href=\"https:\/\/bybarista.com.tr\/?product=colombia-dark-roast\" aria-label=\"&ldquo;Colombia Dark Roast&rdquo; i\u00e7in se\u00e7enekleri se\u00e7in\" data-quantity=\"1\" data-product_id=\"405\" data-product_sku=\"\" data-price=\"19\" rel=\"nofollow\" class=\"wp-block-button__link  add_to_cart_button\">Se\u00e7enekler<\/a><\/div>\n\t\t\t<\/li><li class=\"wc-block-grid__product\">\n\t\t\t\t<a href=\"https:\/\/bybarista.com.tr\/?product=swiss-water-decaf\" class=\"wc-block-grid__product-link\">\n\t\t\t\t\t\n\t\t\t\t\t<div class=\"wc-block-grid__product-image\"><img loading=\"lazy\" decoding=\"async\" width=\"600\" height=\"750\" src=\"https:\/\/bybarista.com.tr\/wp-content\/uploads\/2020\/08\/Black-and-White-Minimalist-Packaging-Coffee-Mockup-Instagram-Post-3.png\" class=\"attachment-woocommerce_thumbnail size-woocommerce_thumbnail\" alt=\"Swiss Water Decaf\" srcset=\"https:\/\/bybarista.com.tr\/wp-content\/uploads\/2020\/08\/Black-and-White-Minimalist-Packaging-Coffee-Mockup-Instagram-Post-3.png 1080w, https:\/\/bybarista.com.tr\/wp-content\/uploads\/2020\/08\/Black-and-White-Minimalist-Packaging-Coffee-Mockup-Instagram-Post-3-240x300.png 240w, https:\/\/bybarista.com.tr\/wp-content\/uploads\/2020\/08\/Black-and-White-Minimalist-Packaging-Coffee-Mockup-Instagram-Post-3-819x1024.png 819w, https:\/\/bybarista.com.tr\/wp-content\/uploads\/2020\/08\/Black-and-White-Minimalist-Packaging-Coffee-Mockup-Instagram-Post-3-768x960.png 768w, https:\/\/bybarista.com.tr\/wp-content\/uploads\/2020\/08\/Black-and-White-Minimalist-Packaging-Coffee-Mockup-Instagram-Post-3-800x1000.png 800w, https:\/\/bybarista.com.tr\/wp-content\/uploads\/2020\/08\/Black-and-White-Minimalist-Packaging-Coffee-Mockup-Instagram-Post-3-560x700.png 560w\" sizes=\"auto, (max-width: 600px) 100vw, 600px\" \/><\/div>\n\t\t\t\t\t<div class=\"wc-block-grid__product-title\">Swiss Water Decaf<\/div>\n\t\t\t\t<\/a>\n\t\t\t\t<div class=\"wc-block-grid__product-price price\"><span class=\"woocommerce-Price-amount amount\" aria-hidden=\"true\"><span class=\"woocommerce-Price-currencySymbol\">&#8378;<\/span>19,00<\/span> <span aria-hidden=\"true\"> \u2013 <\/span> <span class=\"woocommerce-Price-amount amount\" aria-hidden=\"true\"><span class=\"woocommerce-Price-currencySymbol\">&#8378;<\/span>27,00<\/span><span class=\"screen-reader-text\">Fiyat aral\u0131\u011f\u0131: &#8378;19,00 &#8211; &#8378;27,00<\/span><\/div>\n\t\t\t\t\n\t\t\t\t<div class=\"wp-block-button wc-block-grid__product-add-to-cart\"><a href=\"https:\/\/bybarista.com.tr\/?product=swiss-water-decaf\" aria-label=\"&ldquo;Swiss Water Decaf&rdquo; i\u00e7in se\u00e7enekleri se\u00e7in\" data-quantity=\"1\" data-product_id=\"424\" data-product_sku=\"\" data-price=\"19\" rel=\"nofollow\" class=\"wp-block-button__link  add_to_cart_button\">Se\u00e7enekler<\/a><\/div>\n\t\t\t<\/li><li class=\"wc-block-grid__product\">\n\t\t\t\t<a href=\"https:\/\/bybarista.com.tr\/?product=french-roast\" class=\"wc-block-grid__product-link\">\n\t\t\t\t\t\n\t\t\t\t\t<div class=\"wc-block-grid__product-image\"><img loading=\"lazy\" decoding=\"async\" width=\"600\" height=\"750\" src=\"https:\/\/bybarista.com.tr\/wp-content\/uploads\/2020\/08\/Black-and-White-Minimalist-Packaging-Coffee-Mockup-Instagram-Post-1-Kopyala-600x750.webp\" class=\"attachment-woocommerce_thumbnail size-woocommerce_thumbnail\" alt=\"French Roast\" srcset=\"https:\/\/bybarista.com.tr\/wp-content\/uploads\/2020\/08\/Black-and-White-Minimalist-Packaging-Coffee-Mockup-Instagram-Post-1-Kopyala-600x750.webp 600w, https:\/\/bybarista.com.tr\/wp-content\/uploads\/2020\/08\/Black-and-White-Minimalist-Packaging-Coffee-Mockup-Instagram-Post-1-Kopyala-240x300.webp 240w, https:\/\/bybarista.com.tr\/wp-content\/uploads\/2020\/08\/Black-and-White-Minimalist-Packaging-Coffee-Mockup-Instagram-Post-1-Kopyala-819x1024.webp 819w, https:\/\/bybarista.com.tr\/wp-content\/uploads\/2020\/08\/Black-and-White-Minimalist-Packaging-Coffee-Mockup-Instagram-Post-1-Kopyala-768x960.webp 768w, https:\/\/bybarista.com.tr\/wp-content\/uploads\/2020\/08\/Black-and-White-Minimalist-Packaging-Coffee-Mockup-Instagram-Post-1-Kopyala-800x1000.webp 800w, https:\/\/bybarista.com.tr\/wp-content\/uploads\/2020\/08\/Black-and-White-Minimalist-Packaging-Coffee-Mockup-Instagram-Post-1-Kopyala-560x700.webp 560w, https:\/\/bybarista.com.tr\/wp-content\/uploads\/2020\/08\/Black-and-White-Minimalist-Packaging-Coffee-Mockup-Instagram-Post-1-Kopyala.webp 960w\" sizes=\"auto, (max-width: 600px) 100vw, 600px\" \/><\/div>\n\t\t\t\t\t<div class=\"wc-block-grid__product-title\">French Roast<\/div>\n\t\t\t\t<\/a>\n\t\t\t\t<div class=\"wc-block-grid__product-price price\"><span class=\"woocommerce-Price-amount amount\" aria-hidden=\"true\"><span class=\"woocommerce-Price-currencySymbol\">&#8378;<\/span>19,00<\/span> <span aria-hidden=\"true\"> \u2013 <\/span> <span class=\"woocommerce-Price-amount amount\" aria-hidden=\"true\"><span class=\"woocommerce-Price-currencySymbol\">&#8378;<\/span>27,00<\/span><span class=\"screen-reader-text\">Fiyat aral\u0131\u011f\u0131: &#8378;19,00 &#8211; &#8378;27,00<\/span><\/div>\n\t\t\t\t\n\t\t\t\t<div class=\"wp-block-button wc-block-grid__product-add-to-cart\"><a href=\"https:\/\/bybarista.com.tr\/?product=french-roast\" aria-label=\"&ldquo;French Roast&rdquo; i\u00e7in se\u00e7enekleri se\u00e7in\" data-quantity=\"1\" data-product_id=\"431\" data-product_sku=\"\" data-price=\"19\" rel=\"nofollow\" class=\"wp-block-button__link  add_to_cart_button\">Se\u00e7enekler<\/a><\/div>\n\t\t\t<\/li><li class=\"wc-block-grid__product\">\n\t\t\t\t<a href=\"https:\/\/bybarista.com.tr\/?product=breakfast-blend\" class=\"wc-block-grid__product-link\">\n\t\t\t\t\t\n\t\t\t\t\t<div class=\"wc-block-grid__product-image\"><img loading=\"lazy\" decoding=\"async\" width=\"600\" height=\"750\" src=\"https:\/\/bybarista.com.tr\/wp-content\/uploads\/2020\/08\/Black-and-White-Minimalist-Packaging-Coffee-Mockup-Instagram-Post-5-Kopyala-600x750.webp\" class=\"attachment-woocommerce_thumbnail size-woocommerce_thumbnail\" alt=\"Breakfast Blend\" srcset=\"https:\/\/bybarista.com.tr\/wp-content\/uploads\/2020\/08\/Black-and-White-Minimalist-Packaging-Coffee-Mockup-Instagram-Post-5-Kopyala-600x750.webp 600w, https:\/\/bybarista.com.tr\/wp-content\/uploads\/2020\/08\/Black-and-White-Minimalist-Packaging-Coffee-Mockup-Instagram-Post-5-Kopyala-240x300.webp 240w, https:\/\/bybarista.com.tr\/wp-content\/uploads\/2020\/08\/Black-and-White-Minimalist-Packaging-Coffee-Mockup-Instagram-Post-5-Kopyala-819x1024.webp 819w, https:\/\/bybarista.com.tr\/wp-content\/uploads\/2020\/08\/Black-and-White-Minimalist-Packaging-Coffee-Mockup-Instagram-Post-5-Kopyala-768x960.webp 768w, https:\/\/bybarista.com.tr\/wp-content\/uploads\/2020\/08\/Black-and-White-Minimalist-Packaging-Coffee-Mockup-Instagram-Post-5-Kopyala-800x1000.webp 800w, https:\/\/bybarista.com.tr\/wp-content\/uploads\/2020\/08\/Black-and-White-Minimalist-Packaging-Coffee-Mockup-Instagram-Post-5-Kopyala-560x700.webp 560w, https:\/\/bybarista.com.tr\/wp-content\/uploads\/2020\/08\/Black-and-White-Minimalist-Packaging-Coffee-Mockup-Instagram-Post-5-Kopyala.webp 960w\" sizes=\"auto, (max-width: 600px) 100vw, 600px\" \/><\/div>\n\t\t\t\t\t<div class=\"wc-block-grid__product-title\">Breakfast Blend<\/div>\n\t\t\t\t<\/a>\n\t\t\t\t<div class=\"wc-block-grid__product-price price\"><span class=\"woocommerce-Price-amount amount\" aria-hidden=\"true\"><span class=\"woocommerce-Price-currencySymbol\">&#8378;<\/span>19,00<\/span> <span aria-hidden=\"true\"> \u2013 <\/span> <span class=\"woocommerce-Price-amount amount\" aria-hidden=\"true\"><span class=\"woocommerce-Price-currencySymbol\">&#8378;<\/span>27,00<\/span><span class=\"screen-reader-text\">Fiyat aral\u0131\u011f\u0131: &#8378;19,00 &#8211; &#8378;27,00<\/span><\/div>\n\t\t\t\t\n\t\t\t\t<div class=\"wp-block-button wc-block-grid__product-add-to-cart\"><a href=\"https:\/\/bybarista.com.tr\/?product=breakfast-blend\" aria-label=\"&ldquo;Breakfast Blend&rdquo; i\u00e7in se\u00e7enekleri se\u00e7in\" data-quantity=\"1\" data-product_id=\"417\" data-product_sku=\"\" data-price=\"19\" rel=\"nofollow\" class=\"wp-block-button__link  add_to_cart_button\">Se\u00e7enekler<\/a><\/div>\n\t\t\t<\/li><\/ul><\/div><\/div>\n<\/div>\n","protected":false},"excerpt":{"rendered":"You may be interested in\u2026 Your cart is currently empty! New in store","protected":false},"author":1,"featured_media":0,"parent":0,"menu_order":0,"comment_status":"closed","ping_status":"closed","template":"","meta":{"footnotes":""},"class_list":["post-9","page","type-page","status-publish","hentry"],"_links":{"self":[{"href":"https:\/\/bybarista.com.tr\/index.php?rest_route=\/wp\/v2\/pages\/9","targetHints":{"allow":["GET"]}}],"collection":[{"href":"https:\/\/bybarista.com.tr\/index.php?rest_route=\/wp\/v2\/pages"}],"about":[{"href":"https:\/\/bybarista.com.tr\/index.php?rest_route=\/wp\/v2\/types\/page"}],"author":[{"embeddable":true,"href":"https:\/\/bybarista.com.tr\/index.php?rest_route=\/wp\/v2\/users\/1"}],"replies":[{"embeddable":true,"href":"https:\/\/bybarista.com.tr\/index.php?rest_route=%2Fwp%2Fv2%2Fcomments&post=9"}],"version-history":[{"count":1,"href":"https:\/\/bybarista.com.tr\/index.php?rest_route=\/wp\/v2\/pages\/9\/revisions"}],"predecessor-version":[{"id":13,"href":"https:\/\/bybarista.com.tr\/index.php?rest_route=\/wp\/v2\/pages\/9\/revisions\/13"}],"wp:attachment":[{"href":"https:\/\/bybarista.com.tr\/index.php?rest_route=%2Fwp%2Fv2%2Fmedia&parent=9"}],"curies":[{"name":"wp","href":"https:\/\/api.w.org\/{rel}","templated":true}]}}